{"id":128,"date":"2025-10-21T14:07:27","date_gmt":"2025-10-21T14:07:27","guid":{"rendered":"http:\/\/www.asdora.com\/?page_id=128"},"modified":"2025-10-21T14:07:28","modified_gmt":"2025-10-21T14:07:28","slug":"asdora-carsi","status":"publish","type":"page","link":"http:\/\/www.asdora.com\/?page_id=128","title":{"rendered":"Asdora \u00c7ar\u015f\u0131"},"content":{"rendered":"\n<figure class=\"wp-block-image size-large is-resized\"><img loading=\"lazy\" decoding=\"async\" width=\"1024\" height=\"576\" src=\"http:\/\/www.asdora.com\/wp-content\/uploads\/2025\/10\/8asdora-res8b-1024x576.jpg\" alt=\"\" class=\"wp-image-145\" style=\"width:1299px;height:auto\" srcset=\"http:\/\/www.asdora.com\/wp-content\/uploads\/2025\/10\/8asdora-res8b-1024x576.jpg 1024w, http:\/\/www.asdora.com\/wp-content\/uploads\/2025\/10\/8asdora-res8b-300x169.jpg 300w, http:\/\/www.asdora.com\/wp-content\/uploads\/2025\/10\/8asdora-res8b-768x432.jpg 768w, http:\/\/www.asdora.com\/wp-content\/uploads\/2025\/10\/8asdora-res8b-1536x864.jpg 1536w, http:\/\/www.asdora.com\/wp-content\/uploads\/2025\/10\/8asdora-res8b-2048x1152.jpg 2048w\" sizes=\"auto, (max-width: 1024px) 100vw, 1024px\" \/><\/figure>\n\n\n\n<figure class=\"wp-block-gallery has-nested-images columns-default is-cropped wp-block-gallery-1 is-layout-flex wp-block-gallery-is-layout-flex\">\n<figure class=\"wp-block-image size-large\"><img loading=\"lazy\" decoding=\"async\" width=\"1024\" height=\"576\" data-id=\"148\" src=\"http:\/\/www.asdora.com\/wp-content\/uploads\/2025\/10\/8asdora-res2b-1-1024x576.jpg\" alt=\"\" class=\"wp-image-148\" srcset=\"http:\/\/www.asdora.com\/wp-content\/uploads\/2025\/10\/8asdora-res2b-1-1024x576.jpg 1024w, http:\/\/www.asdora.com\/wp-content\/uploads\/2025\/10\/8asdora-res2b-1-300x169.jpg 300w, http:\/\/www.asdora.com\/wp-content\/uploads\/2025\/10\/8asdora-res2b-1-768x432.jpg 768w, http:\/\/www.asdora.com\/wp-content\/uploads\/2025\/10\/8asdora-res2b-1-1536x864.jpg 1536w, http:\/\/www.asdora.com\/wp-content\/uploads\/2025\/10\/8asdora-res2b-1-2048x1152.jpg 2048w\" sizes=\"auto, (max-width: 1024px) 100vw, 1024px\" \/><\/figure>\n\n\n\n<figure class=\"wp-block-image size-large\"><img loading=\"lazy\" decoding=\"async\" width=\"1024\" height=\"576\" data-id=\"146\" src=\"http:\/\/www.asdora.com\/wp-content\/uploads\/2025\/10\/8asdora-res3b-1024x576.jpg\" alt=\"\" class=\"wp-image-146\" srcset=\"http:\/\/www.asdora.com\/wp-content\/uploads\/2025\/10\/8asdora-res3b-1024x576.jpg 1024w, http:\/\/www.asdora.com\/wp-content\/uploads\/2025\/10\/8asdora-res3b-300x169.jpg 300w, http:\/\/www.asdora.com\/wp-content\/uploads\/2025\/10\/8asdora-res3b-768x432.jpg 768w, http:\/\/www.asdora.com\/wp-content\/uploads\/2025\/10\/8asdora-res3b-1536x864.jpg 1536w, http:\/\/www.asdora.com\/wp-content\/uploads\/2025\/10\/8asdora-res3b-2048x1152.jpg 2048w\" sizes=\"auto, (max-width: 1024px) 100vw, 1024px\" \/><\/figure>\n\n\n\n<figure class=\"wp-block-image size-large\"><img loading=\"lazy\" decoding=\"async\" width=\"1024\" height=\"576\" data-id=\"144\" src=\"http:\/\/www.asdora.com\/wp-content\/uploads\/2025\/10\/8asdora-res4b-1024x576.jpg\" alt=\"\" class=\"wp-image-144\" srcset=\"http:\/\/www.asdora.com\/wp-content\/uploads\/2025\/10\/8asdora-res4b-1024x576.jpg 1024w, http:\/\/www.asdora.com\/wp-content\/uploads\/2025\/10\/8asdora-res4b-300x169.jpg 300w, http:\/\/www.asdora.com\/wp-content\/uploads\/2025\/10\/8asdora-res4b-768x432.jpg 768w, http:\/\/www.asdora.com\/wp-content\/uploads\/2025\/10\/8asdora-res4b-1536x864.jpg 1536w, http:\/\/www.asdora.com\/wp-content\/uploads\/2025\/10\/8asdora-res4b-2048x1152.jpg 2048w\" sizes=\"auto, (max-width: 1024px) 100vw, 1024px\" \/><\/figure>\n\n\n\n<figure class=\"wp-block-image size-large\"><img loading=\"lazy\" decoding=\"async\" width=\"1024\" height=\"576\" data-id=\"147\" src=\"http:\/\/www.asdora.com\/wp-content\/uploads\/2025\/10\/8asdora-res5b-1024x576.jpg\" alt=\"\" class=\"wp-image-147\" srcset=\"http:\/\/www.asdora.com\/wp-content\/uploads\/2025\/10\/8asdora-res5b-1024x576.jpg 1024w, http:\/\/www.asdora.com\/wp-content\/uploads\/2025\/10\/8asdora-res5b-300x169.jpg 300w, http:\/\/www.asdora.com\/wp-content\/uploads\/2025\/10\/8asdora-res5b-768x432.jpg 768w, http:\/\/www.asdora.com\/wp-content\/uploads\/2025\/10\/8asdora-res5b-1536x864.jpg 1536w, http:\/\/www.asdora.com\/wp-content\/uploads\/2025\/10\/8asdora-res5b-2048x1152.jpg 2048w\" sizes=\"auto, (max-width: 1024px) 100vw, 1024px\" \/><\/figure>\n\n\n\n<figure class=\"wp-block-image size-large\"><img loading=\"lazy\" decoding=\"async\" width=\"1024\" height=\"576\" data-id=\"149\" src=\"http:\/\/www.asdora.com\/wp-content\/uploads\/2025\/10\/8asdora-res6b-1024x576.jpg\" alt=\"\" class=\"wp-image-149\" srcset=\"http:\/\/www.asdora.com\/wp-content\/uploads\/2025\/10\/8asdora-res6b-1024x576.jpg 1024w, http:\/\/www.asdora.com\/wp-content\/uploads\/2025\/10\/8asdora-res6b-300x169.jpg 300w, http:\/\/www.asdora.com\/wp-content\/uploads\/2025\/10\/8asdora-res6b-768x432.jpg 768w, http:\/\/www.asdora.com\/wp-content\/uploads\/2025\/10\/8asdora-res6b-1536x864.jpg 1536w, http:\/\/www.asdora.com\/wp-content\/uploads\/2025\/10\/8asdora-res6b-2048x1152.jpg 2048w\" sizes=\"auto, (max-width: 1024px) 100vw, 1024px\" \/><\/figure>\n\n\n\n<figure class=\"wp-block-image size-large\"><img loading=\"lazy\" decoding=\"async\" width=\"1024\" height=\"576\" data-id=\"143\" src=\"http:\/\/www.asdora.com\/wp-content\/uploads\/2025\/10\/8asdora-res7b-1024x576.jpg\" alt=\"\" class=\"wp-image-143\" srcset=\"http:\/\/www.asdora.com\/wp-content\/uploads\/2025\/10\/8asdora-res7b-1024x576.jpg 1024w, http:\/\/www.asdora.com\/wp-content\/uploads\/2025\/10\/8asdora-res7b-300x169.jpg 300w, http:\/\/www.asdora.com\/wp-content\/uploads\/2025\/10\/8asdora-res7b-768x432.jpg 768w, http:\/\/www.asdora.com\/wp-content\/uploads\/2025\/10\/8asdora-res7b-1536x864.jpg 1536w, http:\/\/www.asdora.com\/wp-content\/uploads\/2025\/10\/8asdora-res7b-2048x1152.jpg 2048w\" sizes=\"auto, (max-width: 1024px) 100vw, 1024px\" \/><\/figure>\n<\/figure>\n","protected":false},"excerpt":{"rendered":"","protected":false},"author":1,"featured_media":0,"parent":0,"menu_order":0,"comment_status":"closed","ping_status":"closed","template":"","meta":{"footnotes":""},"class_list":["post-128","page","type-page","status-publish","hentry"],"_links":{"self":[{"href":"http:\/\/www.asdora.com\/index.php?rest_route=\/wp\/v2\/pages\/128","targetHints":{"allow":["GET"]}}],"collection":[{"href":"http:\/\/www.asdora.com\/index.php?rest_route=\/wp\/v2\/pages"}],"about":[{"href":"http:\/\/www.asdora.com\/index.php?rest_route=\/wp\/v2\/types\/page"}],"author":[{"embeddable":true,"href":"http:\/\/www.asdora.com\/index.php?rest_route=\/wp\/v2\/users\/1"}],"replies":[{"embeddable":true,"href":"http:\/\/www.asdora.com\/index.php?rest_route=%2Fwp%2Fv2%2Fcomments&post=128"}],"version-history":[{"count":1,"href":"http:\/\/www.asdora.com\/index.php?rest_route=\/wp\/v2\/pages\/128\/revisions"}],"predecessor-version":[{"id":150,"href":"http:\/\/www.asdora.com\/index.php?rest_route=\/wp\/v2\/pages\/128\/revisions\/150"}],"wp:attachment":[{"href":"http:\/\/www.asdora.com\/index.php?rest_route=%2Fwp%2Fv2%2Fmedia&parent=128"}],"curies":[{"name":"wp","href":"https:\/\/api.w.org\/{rel}","templated":true}]}}